{"id":9,"date":"2022-11-21T07:13:57","date_gmt":"2022-11-21T07:13:57","guid":{"rendered":"https:\/\/seyhan.av.tr\/?page_id=9"},"modified":"2022-11-21T07:48:24","modified_gmt":"2022-11-21T07:48:24","slug":"hakkimizda","status":"publish","type":"page","link":"https:\/\/seyhan.av.tr\/?page_id=9","title":{"rendered":"Hakk\u0131m\u0131zda"},"content":{"rendered":"\n<p><\/p>\n\n\n<div class=\"wp-block-image\">\n<figure class=\"aligncenter size-full is-resized\"><img loading=\"lazy\" decoding=\"async\" src=\"https:\/\/seyhan.av.tr\/wp-content\/uploads\/2022\/11\/WhatsApp-Image-2022-11-21-at-10.19.04.jpeg\" alt=\"\" class=\"wp-image-27\" width=\"236\" height=\"285\" srcset=\"https:\/\/seyhan.av.tr\/wp-content\/uploads\/2022\/11\/WhatsApp-Image-2022-11-21-at-10.19.04.jpeg 849w, https:\/\/seyhan.av.tr\/wp-content\/uploads\/2022\/11\/WhatsApp-Image-2022-11-21-at-10.19.04-249x300.jpeg 249w, https:\/\/seyhan.av.tr\/wp-content\/uploads\/2022\/11\/WhatsApp-Image-2022-11-21-at-10.19.04-768x926.jpeg 768w\" sizes=\"auto, (max-width: 236px) 100vw, 236px\" \/><\/figure>\n<\/div>\n\n\n<p>2007 y\u0131l\u0131nda Av. Aysun SEYHAN taraf\u0131ndan kurulan Seyhan Avukatl\u0131k Ofisi bug\u00fcne kadar \u00e7e\u015fitli hukuki alanlarda hizmet vermektedir.<\/p>\n\n\n\n<p><\/p>\n","protected":false},"excerpt":{"rendered":"<p>2007 y\u0131l\u0131nda Av. Aysun SEYHAN taraf\u0131ndan kurulan Seyhan Avukatl\u0131k Ofisi bug\u00fcne kadar \u00e7e\u015fitli hukuki alanlarda hizmet vermektedir.<\/p>\n","protected":false},"author":1,"featured_media":0,"parent":0,"menu_order":0,"comment_status":"closed","ping_status":"closed","template":"","meta":{"footnotes":""},"class_list":["post-9","page","type-page","status-publish","hentry"],"_links":{"self":[{"href":"https:\/\/seyhan.av.tr\/index.php?rest_route=\/wp\/v2\/pages\/9","targetHints":{"allow":["GET"]}}],"collection":[{"href":"https:\/\/seyhan.av.tr\/index.php?rest_route=\/wp\/v2\/pages"}],"about":[{"href":"https:\/\/seyhan.av.tr\/index.php?rest_route=\/wp\/v2\/types\/page"}],"author":[{"embeddable":true,"href":"https:\/\/seyhan.av.tr\/index.php?rest_route=\/wp\/v2\/users\/1"}],"replies":[{"embeddable":true,"href":"https:\/\/seyhan.av.tr\/index.php?rest_route=%2Fwp%2Fv2%2Fcomments&post=9"}],"version-history":[{"count":5,"href":"https:\/\/seyhan.av.tr\/index.php?rest_route=\/wp\/v2\/pages\/9\/revisions"}],"predecessor-version":[{"id":29,"href":"https:\/\/seyhan.av.tr\/index.php?rest_route=\/wp\/v2\/pages\/9\/revisions\/29"}],"wp:attachment":[{"href":"https:\/\/seyhan.av.tr\/index.php?rest_route=%2Fwp%2Fv2%2Fmedia&parent=9"}],"curies":[{"name":"wp","href":"https:\/\/api.w.org\/{rel}","templated":true}]}}